{"id":8468,"date":"2024-07-09T20:29:29","date_gmt":"2024-07-09T20:29:29","guid":{"rendered":"https:\/\/madara.cl\/?post_type=product&#038;p=8468"},"modified":"2024-08-17T16:49:04","modified_gmt":"2024-08-17T16:49:04","slug":"estufa-antumalal-850","status":"publish","type":"product","link":"https:\/\/madara.cl\/index.php\/producto\/estufa-antumalal-850\/","title":{"rendered":"Estufa Antumalal 850"},"content":{"rendered":"<p>Es una ESTUFA combusti\u00f3n lenta a le\u00f1a pensada para adaptarse a las necesidades de calefacci\u00f3n de su hogar,\u00a0 preocup\u00e1ndose de la calidad y eficiencia.<\/p>\n<p>&nbsp;<\/p>\n<p>El dise\u00f1o compacto ha sido fabricado con el objetivo de mejorar el funcionamiento en base a la experiencia de la gente, atendiendo sus necesidades y requerimientos, para seguir disfrutando del calor, como es tradici\u00f3n en los hogares chilenos.<\/p>\n<p>&nbsp;<\/p>\n<p>Cuenta con el sistema de doble combusti\u00f3n, el cual quema el material particulado dejado por la primera combusti\u00f3n, logrando aumentar la eficiencia calor\u00edfica del equipo,\u00a0 reduciendo gases que se emiten al exterior,\u00a0 aprovechando al m\u00e1ximo la le\u00f1a que es una fuente de energ\u00eda renovable y abundante.<\/p>\n<p>&nbsp;<\/p>\n<p>Las ventajas son que con la misma cantidad de le\u00f1a obtenemos m\u00e1s calor, son mas amigables con el medio ambiente, y\u00a0 mas seguras que las estufas tradicionales.<\/p>\n<p>&nbsp;<\/p>\n<p>Fabricada en acero al carbono y cristales termocer\u00e1micos capaces de resistir altas temperaturas en el proceso de quema de le\u00f1a, el fog\u00f3n tiene un recubrimiento con ladrillos refractarios.<\/p>\n","protected":false},"excerpt":{"rendered":"<p>Es una ESTUFA combusti\u00f3n lenta a le\u00f1a pensada para adaptarse a las necesidades de calefacci\u00f3n de su hogar,\u00a0 preocup\u00e1ndose de<\/p>\n","protected":false},"featured_media":8652,"comment_status":"open","ping_status":"closed","template":"","meta":{"_joinchat":[]},"product_cat":[71,72,73],"product_tag":[],"class_list":{"0":"post-8468","1":"product","2":"type-product","3":"status-publish","4":"has-post-thumbnail","6":"product_cat-estufa","7":"product_cat-lena","8":"product_cat-recirculacion-de-aire","10":"first","11":"instock","12":"shipping-taxable","13":"purchasable","14":"product-type-simple"},"_links":{"self":[{"href":"https:\/\/madara.cl\/index.php\/wp-json\/wp\/v2\/product\/8468","targetHints":{"allow":["GET"]}}],"collection":[{"href":"https:\/\/madara.cl\/index.php\/wp-json\/wp\/v2\/product"}],"about":[{"href":"https:\/\/madara.cl\/index.php\/wp-json\/wp\/v2\/types\/product"}],"replies":[{"embeddable":true,"href":"https:\/\/madara.cl\/index.php\/wp-json\/wp\/v2\/comments?post=8468"}],"version-history":[{"count":2,"href":"https:\/\/madara.cl\/index.php\/wp-json\/wp\/v2\/product\/8468\/revisions"}],"predecessor-version":[{"id":8650,"href":"https:\/\/madara.cl\/index.php\/wp-json\/wp\/v2\/product\/8468\/revisions\/8650"}],"wp:featuredmedia":[{"embeddable":true,"href":"https:\/\/madara.cl\/index.php\/wp-json\/wp\/v2\/media\/8652"}],"wp:attachment":[{"href":"https:\/\/madara.cl\/index.php\/wp-json\/wp\/v2\/media?parent=8468"}],"wp:term":[{"taxonomy":"product_cat","embeddable":true,"href":"https:\/\/madara.cl\/index.php\/wp-json\/wp\/v2\/product_cat?post=8468"},{"taxonomy":"product_tag","embeddable":true,"href":"https:\/\/madara.cl\/index.php\/wp-json\/wp\/v2\/product_tag?post=8468"}],"curies":[{"name":"wp","href":"https:\/\/api.w.org\/{rel}","templated":true}]}}