{"id":8563,"date":"2024-07-13T16:09:21","date_gmt":"2024-07-13T16:09:21","guid":{"rendered":"https:\/\/madara.cl\/?post_type=product&#038;p=8563"},"modified":"2024-08-18T02:54:35","modified_gmt":"2024-08-18T02:54:35","slug":"termocanon","status":"publish","type":"product","link":"https:\/\/madara.cl\/index.php\/producto\/termocanon\/","title":{"rendered":"Termoca\u00f1\u00f3n"},"content":{"rendered":"<p>El modelo\u00a0de 90 litros en acero inoxidable est\u00e1 pensado para adaptarse a las necesidades, preocup\u00e1ndose de la calidad y eficiencia.<\/p>\n<p>&nbsp;<\/p>\n<p>El dise\u00f1o moderno y compacto, ha sido fabricado con el objetivo de mejorar el funcionamiento en base a la experiencia de la gente, atendiendo sus necesidades y requerimientos, para que sigan disfrutado, como es tradici\u00f3n en los hogares chilenos.<\/p>\n<p>Una de las ventajas es su eficiencia energ\u00e9tica, aprovechando al m\u00e1ximo los gases calientes que suben por el ca\u00f1\u00f3n hacia el exterior, sin afectar la calefacci\u00f3n del hogar. Dispone de agua sanitaria caliente lo que permite ahorrar en gas o electricidad, sacando el m\u00e1ximo provecho a la cocina. Tambi\u00e9n incluye reloj de temperatura y v\u00e1lvula de liberaci\u00f3n de presi\u00f3n para mayor seguridad.<\/p>\n","protected":false},"excerpt":{"rendered":"<p>El modelo\u00a0de 90 litros en acero inoxidable est\u00e1 pensado para adaptarse a las necesidades, preocup\u00e1ndose de la calidad y eficiencia.<\/p>\n","protected":false},"featured_media":8698,"comment_status":"open","ping_status":"closed","template":"","meta":{"_joinchat":[]},"product_cat":[75],"product_tag":[],"class_list":{"0":"post-8563","1":"product","2":"type-product","3":"status-publish","4":"has-post-thumbnail","6":"product_cat-termo","8":"first","9":"instock","10":"shipping-taxable","11":"purchasable","12":"product-type-variable"},"_links":{"self":[{"href":"https:\/\/madara.cl\/index.php\/wp-json\/wp\/v2\/product\/8563","targetHints":{"allow":["GET"]}}],"collection":[{"href":"https:\/\/madara.cl\/index.php\/wp-json\/wp\/v2\/product"}],"about":[{"href":"https:\/\/madara.cl\/index.php\/wp-json\/wp\/v2\/types\/product"}],"replies":[{"embeddable":true,"href":"https:\/\/madara.cl\/index.php\/wp-json\/wp\/v2\/comments?post=8563"}],"version-history":[{"count":1,"href":"https:\/\/madara.cl\/index.php\/wp-json\/wp\/v2\/product\/8563\/revisions"}],"predecessor-version":[{"id":8565,"href":"https:\/\/madara.cl\/index.php\/wp-json\/wp\/v2\/product\/8563\/revisions\/8565"}],"wp:featuredmedia":[{"embeddable":true,"href":"https:\/\/madara.cl\/index.php\/wp-json\/wp\/v2\/media\/8698"}],"wp:attachment":[{"href":"https:\/\/madara.cl\/index.php\/wp-json\/wp\/v2\/media?parent=8563"}],"wp:term":[{"taxonomy":"product_cat","embeddable":true,"href":"https:\/\/madara.cl\/index.php\/wp-json\/wp\/v2\/product_cat?post=8563"},{"taxonomy":"product_tag","embeddable":true,"href":"https:\/\/madara.cl\/index.php\/wp-json\/wp\/v2\/product_tag?post=8563"}],"curies":[{"name":"wp","href":"https:\/\/api.w.org\/{rel}","templated":true}]}}