{"id":8589,"date":"2024-07-13T17:05:42","date_gmt":"2024-07-13T17:05:42","guid":{"rendered":"https:\/\/madara.cl\/?post_type=product&#038;p=8589"},"modified":"2025-03-06T15:26:49","modified_gmt":"2025-03-06T15:26:49","slug":"cocina-vertical-desarmable","status":"publish","type":"product","link":"https:\/\/madara.cl\/index.php\/producto\/cocina-vertical-desarmable\/","title":{"rendered":"Horno de pizza"},"content":{"rendered":"<p>Es una cocina a le\u00f1a desarmable y transportable, pensada para adaptarse a las necesidades culinarias y de calefacci\u00f3n tanto en quinchos como en \u00e1reas libres y galpones de trabajo,\u00a0 preocup\u00e1ndose de la calidad y eficiencia.<\/p>\n<p>El dise\u00f1o moderno y compacto ha sido fabricado con el objetivo de mejorar el funcionamiento en base a la experiencia de la gente en momentos de trabajo y relajo, atendiendo sus necesidades y requerimientos.<\/p>\n<p>Una de las ventajas es que la puede llevar donde usted quiera ya que es f\u00e1cil de desarmar y armar, tiene buen rendimiento aprovechando al m\u00e1ximo la le\u00f1a que es una fuente de energ\u00eda renovable y abundante. Nos permite cocinar tanto en su cubierta como en su horno.<\/p>\n","protected":false},"excerpt":{"rendered":"<p>Es una cocina a le\u00f1a desarmable y transportable, pensada para adaptarse a las necesidades culinarias y de calefacci\u00f3n tanto en<\/p>\n","protected":false},"featured_media":8638,"comment_status":"open","ping_status":"closed","template":"","meta":{"_joinchat":[]},"product_cat":[76,79],"product_tag":[],"class_list":{"0":"post-8589","1":"product","2":"type-product","3":"status-publish","4":"has-post-thumbnail","6":"product_cat-braseros-y-desarmables","7":"product_cat-horno-de-pizza","9":"first","10":"instock","11":"shipping-taxable","12":"purchasable","13":"product-type-simple"},"_links":{"self":[{"href":"https:\/\/madara.cl\/index.php\/wp-json\/wp\/v2\/product\/8589","targetHints":{"allow":["GET"]}}],"collection":[{"href":"https:\/\/madara.cl\/index.php\/wp-json\/wp\/v2\/product"}],"about":[{"href":"https:\/\/madara.cl\/index.php\/wp-json\/wp\/v2\/types\/product"}],"replies":[{"embeddable":true,"href":"https:\/\/madara.cl\/index.php\/wp-json\/wp\/v2\/comments?post=8589"}],"version-history":[{"count":2,"href":"https:\/\/madara.cl\/index.php\/wp-json\/wp\/v2\/product\/8589\/revisions"}],"predecessor-version":[{"id":8662,"href":"https:\/\/madara.cl\/index.php\/wp-json\/wp\/v2\/product\/8589\/revisions\/8662"}],"wp:featuredmedia":[{"embeddable":true,"href":"https:\/\/madara.cl\/index.php\/wp-json\/wp\/v2\/media\/8638"}],"wp:attachment":[{"href":"https:\/\/madara.cl\/index.php\/wp-json\/wp\/v2\/media?parent=8589"}],"wp:term":[{"taxonomy":"product_cat","embeddable":true,"href":"https:\/\/madara.cl\/index.php\/wp-json\/wp\/v2\/product_cat?post=8589"},{"taxonomy":"product_tag","embeddable":true,"href":"https:\/\/madara.cl\/index.php\/wp-json\/wp\/v2\/product_tag?post=8589"}],"curies":[{"name":"wp","href":"https:\/\/api.w.org\/{rel}","templated":true}]}}