{"id":8595,"date":"2024-07-13T17:08:16","date_gmt":"2024-07-13T17:08:16","guid":{"rendered":"https:\/\/madara.cl\/?post_type=product&#038;p=8595"},"modified":"2024-08-18T03:10:49","modified_gmt":"2024-08-18T03:10:49","slug":"brasero","status":"publish","type":"product","link":"https:\/\/madara.cl\/index.php\/producto\/brasero\/","title":{"rendered":"Brasero"},"content":{"rendered":"<p>El brasero a le\u00f1a de camping desarmable, sirve para cocinar en su cubierta y calefaccionar. Contamos con varios dise\u00f1os en un mismo modelo.<\/p>\n<p>Ha sido fabricado con el objetivo de mejorar la experiencia de la gente, atendiendo sus necesidades y requerimientos. Ofrece f\u00e1cil traslado al ser desarmable, dise\u00f1o atractivo y multifunci\u00f3n (culinaria y calefacci\u00f3n).<\/p>\n","protected":false},"excerpt":{"rendered":"<p>El brasero a le\u00f1a de camping desarmable, sirve para cocinar en su cubierta y calefaccionar. Contamos con varios dise\u00f1os en<\/p>\n","protected":false},"featured_media":8635,"comment_status":"open","ping_status":"closed","template":"","meta":{"_joinchat":[]},"product_cat":[76],"product_tag":[],"class_list":{"0":"post-8595","1":"product","2":"type-product","3":"status-publish","4":"has-post-thumbnail","6":"product_cat-braseros-y-desarmables","7":"pa_brand-jabali","8":"pa_brand-pez","9":"pa_brand-vela","11":"first","12":"instock","13":"shipping-taxable","14":"purchasable","15":"product-type-variable"},"_links":{"self":[{"href":"https:\/\/madara.cl\/index.php\/wp-json\/wp\/v2\/product\/8595","targetHints":{"allow":["GET"]}}],"collection":[{"href":"https:\/\/madara.cl\/index.php\/wp-json\/wp\/v2\/product"}],"about":[{"href":"https:\/\/madara.cl\/index.php\/wp-json\/wp\/v2\/types\/product"}],"replies":[{"embeddable":true,"href":"https:\/\/madara.cl\/index.php\/wp-json\/wp\/v2\/comments?post=8595"}],"version-history":[{"count":1,"href":"https:\/\/madara.cl\/index.php\/wp-json\/wp\/v2\/product\/8595\/revisions"}],"predecessor-version":[{"id":8599,"href":"https:\/\/madara.cl\/index.php\/wp-json\/wp\/v2\/product\/8595\/revisions\/8599"}],"wp:featuredmedia":[{"embeddable":true,"href":"https:\/\/madara.cl\/index.php\/wp-json\/wp\/v2\/media\/8635"}],"wp:attachment":[{"href":"https:\/\/madara.cl\/index.php\/wp-json\/wp\/v2\/media?parent=8595"}],"wp:term":[{"taxonomy":"product_cat","embeddable":true,"href":"https:\/\/madara.cl\/index.php\/wp-json\/wp\/v2\/product_cat?post=8595"},{"taxonomy":"product_tag","embeddable":true,"href":"https:\/\/madara.cl\/index.php\/wp-json\/wp\/v2\/product_tag?post=8595"}],"curies":[{"name":"wp","href":"https:\/\/api.w.org\/{rel}","templated":true}]}}