{"id":8675,"date":"2024-08-18T01:34:09","date_gmt":"2024-08-18T01:34:09","guid":{"rendered":"https:\/\/madara.cl\/?post_type=product&#038;p=8675"},"modified":"2025-03-06T15:25:42","modified_gmt":"2025-03-06T15:25:42","slug":"cocina-mallolafquen","status":"publish","type":"product","link":"https:\/\/madara.cl\/index.php\/producto\/cocina-mallolafquen\/","title":{"rendered":"Cocina Mallolafquen"},"content":{"rendered":"<p>Es una cocina a combusti\u00f3n lenta a le\u00f1a pensada para adaptarse a las necesidades culinarias y de calefacci\u00f3n de su hogar,\u00a0 preocup\u00e1ndose de la calidad y eficiencia.<\/p>\n<p>&nbsp;<\/p>\n<p>El dise\u00f1o moderno y compacto ha sido fabricado con el objetivo de mejorar el funcionamiento en base a la experiencia de la gente, atendiendo sus necesidades y requerimientos, para que sigan disfrutado de la cocina a le\u00f1a, como es tradici\u00f3n en los hogares chilenos.<\/p>\n<p>Fabricada en acero al carbono y cristales termocer\u00e1micos capaces de resistir altas temperaturas en el proceso de quema de le\u00f1a, el fog\u00f3n tiene un recubrimiento con ladrillos refractarios. Su dise\u00f1o incluye un sistema de ventilaci\u00f3n que permite la entrada de aire para mantener la combusti\u00f3n y la salida de gases al exterior.<\/p>\n<p>&nbsp;<\/p>\n<p>Una de las ventajas es su eficiencia energ\u00e9tica, aprovechando al m\u00e1ximo la le\u00f1a que es una fuente de energ\u00eda renovable y abundante. Nos permite cocinar tanto en su cubierta como en su horno, el cual incluye reloj de temperatura. Tambi\u00e9n cuenta con un caj\u00f3n en la parte inferior, cuyo uso es variado.<\/p>\n","protected":false},"excerpt":{"rendered":"<h3 class=\"\" data-sourcepos=\"3:1-3:49\">Especificaciones T\u00e9cnicas de la Cocina a Le\u00f1a<\/h3>\n<ul data-sourcepos=\"5:1-23:0\">\n<li data-sourcepos=\"5:1-9:23\"><strong>Caracter\u00edsticas Generales:<\/strong>\n<ul data-sourcepos=\"6:5-9:23\">\n<li data-sourcepos=\"6:5-6:23\">Combustible: Le\u00f1a<\/li>\n<li data-sourcepos=\"7:5-7:21\">Tiraje: Frontal<\/li>\n<li data-sourcepos=\"8:5-8:18\">Color: Negro<\/li>\n<li data-sourcepos=\"9:5-9:23\">Garant\u00eda: 6 meses<\/li>\n<\/ul>\n<\/li>\n<li data-sourcepos=\"10:1-14:18\"><strong>Dimensiones y Peso:<\/strong>\n<ul data-sourcepos=\"11:5-14:18\">\n<li data-sourcepos=\"11:5-11:17\">Alto: 80 cm<\/li>\n<li data-sourcepos=\"12:5-12:18\">Ancho: 90 cm<\/li>\n<li data-sourcepos=\"13:5-13:24\">Profundidad: 60 cm<\/li>\n<li data-sourcepos=\"14:5-14:18\">Peso: 120 kg<\/li>\n<\/ul>\n<\/li>\n<li data-sourcepos=\"15:1-23:0\"><strong>Caracter\u00edsticas T\u00e9cnicas:<\/strong>\n<ul data-sourcepos=\"16:5-23:0\">\n<li data-sourcepos=\"16:5-16:29\">Bandeja horno: Enlozado<\/li>\n<li data-sourcepos=\"17:5-17:51\">Capacidad de horno: 36 litros (30 cm x 40 cm)<\/li>\n<li data-sourcepos=\"18:5-18:20\">Term\u00f3metro: S\u00ed<\/li>\n<li data-sourcepos=\"19:5-19:37\">Medida del fog\u00f3n: 30 cm x 50 cm<\/li>\n<li data-sourcepos=\"20:5-20:36\">Di\u00e1metro del ca\u00f1\u00f3n: 6 pulgadas<\/li>\n<li data-sourcepos=\"21:5-21:34\">Rango de calefacci\u00f3n: 220 m\u00b2<\/li>\n<li data-sourcepos=\"22:5-23:0\">Potencia: 10 kW = 10.000 Kcal<\/li>\n<\/ul>\n<\/li>\n<\/ul>\n","protected":false},"featured_media":8666,"comment_status":"open","ping_status":"closed","template":"","meta":{"_joinchat":[]},"product_cat":[74],"product_tag":[],"class_list":{"0":"post-8675","1":"product","2":"type-product","3":"status-publish","4":"has-post-thumbnail","6":"product_cat-cocina","8":"first","9":"instock","10":"featured","11":"shipping-taxable","12":"purchasable","13":"product-type-simple"},"_links":{"self":[{"href":"https:\/\/madara.cl\/index.php\/wp-json\/wp\/v2\/product\/8675","targetHints":{"allow":["GET"]}}],"collection":[{"href":"https:\/\/madara.cl\/index.php\/wp-json\/wp\/v2\/product"}],"about":[{"href":"https:\/\/madara.cl\/index.php\/wp-json\/wp\/v2\/types\/product"}],"replies":[{"embeddable":true,"href":"https:\/\/madara.cl\/index.php\/wp-json\/wp\/v2\/comments?post=8675"}],"version-history":[{"count":1,"href":"https:\/\/madara.cl\/index.php\/wp-json\/wp\/v2\/product\/8675\/revisions"}],"predecessor-version":[{"id":8676,"href":"https:\/\/madara.cl\/index.php\/wp-json\/wp\/v2\/product\/8675\/revisions\/8676"}],"wp:featuredmedia":[{"embeddable":true,"href":"https:\/\/madara.cl\/index.php\/wp-json\/wp\/v2\/media\/8666"}],"wp:attachment":[{"href":"https:\/\/madara.cl\/index.php\/wp-json\/wp\/v2\/media?parent=8675"}],"wp:term":[{"taxonomy":"product_cat","embeddable":true,"href":"https:\/\/madara.cl\/index.php\/wp-json\/wp\/v2\/product_cat?post=8675"},{"taxonomy":"product_tag","embeddable":true,"href":"https:\/\/madara.cl\/index.php\/wp-json\/wp\/v2\/product_tag?post=8675"}],"curies":[{"name":"wp","href":"https:\/\/api.w.org\/{rel}","templated":true}]}}