{"id":8681,"date":"2024-08-18T02:18:36","date_gmt":"2024-08-18T02:18:36","guid":{"rendered":"https:\/\/madara.cl\/?post_type=product&#038;p=8681"},"modified":"2024-08-18T02:57:36","modified_gmt":"2024-08-18T02:57:36","slug":"cocina-a-lena-serpentin","status":"publish","type":"product","link":"https:\/\/madara.cl\/index.php\/producto\/cocina-a-lena-serpentin\/","title":{"rendered":"Cocina a Le\u00f1a Serpentin"},"content":{"rendered":"<p><span style=\"font-weight: 400;\">E<\/span><span style=\"font-weight: 400;\">s una cocina a combusti\u00f3n lenta a le\u00f1a pensada para adaptarse a las necesidades culinarias y de calefacci\u00f3n de su hogar,\u00a0 preocup\u00e1ndose de la calidad y eficiencia.<\/span><\/p>\n<p>&nbsp;<\/p>\n<p><span style=\"font-weight: 400;\">Fabricada en acero al carbono y cristales termocer\u00e1micos capaces de resistir altas temperaturas en el proceso de quema de le\u00f1a, el fog\u00f3n tiene un recubrimiento con ladrillos refractarios. Su dise\u00f1o incluye un sistema de ventilaci\u00f3n que permite la entrada de aire para mantener la combusti\u00f3n y la salida de gases al exterior.<\/span><\/p>\n<p>&nbsp;<\/p>\n<p><span style=\"font-weight: 400;\">Una de las ventajas es su serpentin integrado, el cual permite obtener agua caliete aprovechando el calor de la cocina sin intervenir en su funcionamiento, tambi\u00e9n Nos permite cocinar tanto en su cubierta como en su horno, el cual incluye reloj de temperatura, y\u00a0 un caj\u00f3n en la parte inferior, cuyo uso es variado.<\/span><span style=\"font-weight: 400;\">\u00a0<\/span><\/p>\n","protected":false},"excerpt":{"rendered":"<p class=\"first-token\" data-sourcepos=\"1:1-1:119\">\u00a1Absolutamente! Con esta nueva informaci\u00f3n, podemos crear una descripci\u00f3n a\u00fan m\u00e1s detallada y atractiva para tu estufa.<\/p>\n<h3 class=\"\" data-sourcepos=\"3:1-3:49\">Especificaciones T\u00e9cnicas de la Estufa a Le\u00f1a<\/h3>\n<ul data-sourcepos=\"5:1-24:0\">\n<li data-sourcepos=\"5:1-9:23\"><strong>Caracter\u00edsticas Generales:<\/strong>\n<ul data-sourcepos=\"6:5-9:23\">\n<li data-sourcepos=\"6:5-6:23\">Combustible: Le\u00f1a<\/li>\n<li data-sourcepos=\"7:5-7:21\">Tiraje: Frontal<\/li>\n<li data-sourcepos=\"8:5-8:18\">Color: Negro<\/li>\n<li data-sourcepos=\"9:5-9:23\">Garant\u00eda: 6 meses<\/li>\n<\/ul>\n<\/li>\n<li data-sourcepos=\"10:1-14:18\"><strong>Dimensiones y Peso:<\/strong>\n<ul data-sourcepos=\"11:5-14:18\">\n<li data-sourcepos=\"11:5-11:17\">Alto: 80 cm<\/li>\n<li data-sourcepos=\"12:5-12:18\">Ancho: 90 cm<\/li>\n<li data-sourcepos=\"13:5-13:24\">Profundidad: 60 cm<\/li>\n<li data-sourcepos=\"14:5-14:18\">Peso: 120 kg<\/li>\n<\/ul>\n<\/li>\n<li data-sourcepos=\"15:1-24:0\"><strong>Caracter\u00edsticas T\u00e9cnicas:<\/strong>\n<ul data-sourcepos=\"16:5-24:0\">\n<li data-sourcepos=\"16:5-16:29\">Bandeja horno: Enlozado<\/li>\n<li data-sourcepos=\"17:5-17:51\">Capacidad de horno: 60 litros (40 cm x 50 cm)<\/li>\n<li data-sourcepos=\"18:5-18:31\">Serpent\u00edn: Cobre tipo K \u00be<\/li>\n<li data-sourcepos=\"19:5-19:20\">Term\u00f3metro: S\u00ed<\/li>\n<li data-sourcepos=\"20:5-20:37\">Medida del fog\u00f3n: 30 cm x 50 cm<\/li>\n<li data-sourcepos=\"21:5-21:36\">Di\u00e1metro del ca\u00f1\u00f3n: 6 pulgadas<\/li>\n<li data-sourcepos=\"22:5-22:34\">Rango de calefacci\u00f3n: 220 m\u00b2<\/li>\n<li data-sourcepos=\"23:5-24:0\">Potencia: 10 kW = 10.000 Kcal<\/li>\n<\/ul>\n<\/li>\n<\/ul>\n","protected":false},"featured_media":8666,"comment_status":"open","ping_status":"closed","template":"","meta":{"_joinchat":[]},"product_cat":[74],"product_tag":[],"class_list":{"0":"post-8681","1":"product","2":"type-product","3":"status-publish","4":"has-post-thumbnail","6":"product_cat-cocina","8":"first","9":"instock","10":"shipping-taxable","11":"purchasable","12":"product-type-simple"},"_links":{"self":[{"href":"https:\/\/madara.cl\/index.php\/wp-json\/wp\/v2\/product\/8681","targetHints":{"allow":["GET"]}}],"collection":[{"href":"https:\/\/madara.cl\/index.php\/wp-json\/wp\/v2\/product"}],"about":[{"href":"https:\/\/madara.cl\/index.php\/wp-json\/wp\/v2\/types\/product"}],"replies":[{"embeddable":true,"href":"https:\/\/madara.cl\/index.php\/wp-json\/wp\/v2\/comments?post=8681"}],"version-history":[{"count":1,"href":"https:\/\/madara.cl\/index.php\/wp-json\/wp\/v2\/product\/8681\/revisions"}],"predecessor-version":[{"id":8682,"href":"https:\/\/madara.cl\/index.php\/wp-json\/wp\/v2\/product\/8681\/revisions\/8682"}],"wp:featuredmedia":[{"embeddable":true,"href":"https:\/\/madara.cl\/index.php\/wp-json\/wp\/v2\/media\/8666"}],"wp:attachment":[{"href":"https:\/\/madara.cl\/index.php\/wp-json\/wp\/v2\/media?parent=8681"}],"wp:term":[{"taxonomy":"product_cat","embeddable":true,"href":"https:\/\/madara.cl\/index.php\/wp-json\/wp\/v2\/product_cat?post=8681"},{"taxonomy":"product_tag","embeddable":true,"href":"https:\/\/madara.cl\/index.php\/wp-json\/wp\/v2\/product_tag?post=8681"}],"curies":[{"name":"wp","href":"https:\/\/api.w.org\/{rel}","templated":true}]}}